{"id":353,"date":"2023-03-06T11:00:46","date_gmt":"2023-03-06T11:00:46","guid":{"rendered":"https:\/\/ansi.ne\/?page_id=353"},"modified":"2026-02-18T09:51:41","modified_gmt":"2026-02-18T09:51:41","slug":"presentation","status":"publish","type":"page","link":"https:\/\/ansi.ne\/?page_id=353","title":{"rendered":"Pr\u00e9sentation"},"content":{"rendered":"\t\t<div data-elementor-type=\"wp-page\" data-elementor-id=\"353\" class=\"elementor elementor-353\">\n\t\t\t\t\t\t\t\t\t<section class=\"elementor-section elementor-top-section elementor-element elementor-element-efe9007 elementor-section-full_width elementor-section-height-default elementor-section-height-default\" data-id=\"efe9007\" data-element_type=\"section\" data-settings=\"{&quot;background_background&quot;:&quot;classic&quot;}\">\n\t\t\t\t\t\t\t<div class=\"elementor-background-overlay\"><\/div>\n\t\t\t\t\t\t\t<div class=\"elementor-container elementor-column-gap-default\">\n\t\t\t\t\t<div class=\"elementor-column elementor-col-100 elementor-top-column elementor-element elementor-element-01bcf4b\" data-id=\"01bcf4b\" data-element_type=\"column\">\n\t\t\t<div class=\"elementor-widget-wrap elementor-element-populated\">\n\t\t\t\t\t\t\t\t<div class=\"elementor-element elementor-element-be06649 elementor-widget elementor-widget-page-title\" data-id=\"be06649\" data-element_type=\"widget\" data-settings=\"{&quot;align&quot;:&quot;center&quot;}\" data-widget_type=\"page-title.default\">\n\t\t\t\t<div class=\"elementor-widget-container\">\n\t\t\t\t\t\n\t\t<div class=\"hfe-page-title hfe-page-title-wrapper elementor-widget-heading\">\n\n\t\t\t\t\t\t\t\t\t\t\t<a href=\"https:\/\/ansi.ne\">\n\t\t\t\t\t\t<h2 class=\"elementor-heading-title elementor-size-default\">\n\t\t\t\t\t\t\t\t\n\t\t\t\tPr\u00e9sentation  \n\t\t\t<\/h2 > \n\t\t\t\t\t\t\t\t\t<\/a>\n\t\t\t\t\t<\/div>\n\t\t\t\t<\/div>\n\t\t\t\t<\/div>\n\t\t\t\t\t<\/div>\n\t\t<\/div>\n\t\t\t\t\t\t\t<\/div>\n\t\t<\/section>\n\t\t\t\t<section class=\"elementor-section elementor-top-section elementor-element elementor-element-c359a1e elementor-section-boxed elementor-section-height-default elementor-section-height-default\" data-id=\"c359a1e\" data-element_type=\"section\">\n\t\t\t\t\t\t<div class=\"elementor-container elementor-column-gap-default\">\n\t\t\t\t\t<div class=\"elementor-column elementor-col-33 elementor-top-column elementor-element elementor-element-c0dd5c0\" data-id=\"c0dd5c0\" data-element_type=\"column\">\n\t\t\t<div class=\"elementor-widget-wrap elementor-element-populated\">\n\t\t\t\t\t\t\t\t<div class=\"elementor-element elementor-element-f0183cf elementor-widget elementor-widget-image\" data-id=\"f0183cf\" data-element_type=\"widget\" data-widget_type=\"image.default\">\n\t\t\t\t<div class=\"elementor-widget-container\">\n\t\t\t<style>\/*! elementor - v3.15.0 - 20-08-2023 *\/\n.elementor-widget-image{text-align:center}.elementor-widget-image a{display:inline-block}.elementor-widget-image a img[src$=\".svg\"]{width:48px}.elementor-widget-image img{vertical-align:middle;display:inline-block}<\/style>\t\t\t\t\t\t\t\t\t\t\t\t<img loading=\"lazy\" decoding=\"async\" width=\"720\" height=\"1080\" src=\"https:\/\/ansi.ne\/wp-content\/uploads\/2026\/02\/WhatsApp-Image-2026-02-18-at-10.36.34.jpeg\" class=\"attachment-1536x1536 size-1536x1536 wp-image-1173\" alt=\"\" srcset=\"https:\/\/ansi.ne\/wp-content\/uploads\/2026\/02\/WhatsApp-Image-2026-02-18-at-10.36.34.jpeg 720w, https:\/\/ansi.ne\/wp-content\/uploads\/2026\/02\/WhatsApp-Image-2026-02-18-at-10.36.34-200x300.jpeg 200w, https:\/\/ansi.ne\/wp-content\/uploads\/2026\/02\/WhatsApp-Image-2026-02-18-at-10.36.34-683x1024.jpeg 683w\" sizes=\"auto, (max-width: 720px) 100vw, 720px\" \/>\t\t\t\t\t\t\t\t\t\t\t\t\t\t\t<\/div>\n\t\t\t\t<\/div>\n\t\t\t\t\t<\/div>\n\t\t<\/div>\n\t\t\t\t<div class=\"elementor-column elementor-col-66 elementor-top-column elementor-element elementor-element-92085f3\" data-id=\"92085f3\" data-element_type=\"column\">\n\t\t\t<div class=\"elementor-widget-wrap elementor-element-populated\">\n\t\t\t\t\t\t\t\t<div class=\"elementor-element elementor-element-98461c3 elementor-tabs-view-horizontal elementor-widget elementor-widget-tabs\" data-id=\"98461c3\" data-element_type=\"widget\" data-widget_type=\"tabs.default\">\n\t\t\t\t<div class=\"elementor-widget-container\">\n\t\t\t<style>\/*! elementor - v3.15.0 - 20-08-2023 *\/\n.elementor-widget-tabs.elementor-tabs-view-vertical .elementor-tabs-wrapper{width:25%;flex-shrink:0}.elementor-widget-tabs.elementor-tabs-view-vertical .elementor-tab-desktop-title.elementor-active{border-right-style:none}.elementor-widget-tabs.elementor-tabs-view-vertical .elementor-tab-desktop-title.elementor-active:after,.elementor-widget-tabs.elementor-tabs-view-vertical .elementor-tab-desktop-title.elementor-active:before{height:999em;width:0;right:0;border-right-style:solid}.elementor-widget-tabs.elementor-tabs-view-vertical .elementor-tab-desktop-title.elementor-active:before{top:0;transform:translateY(-100%)}.elementor-widget-tabs.elementor-tabs-view-vertical .elementor-tab-desktop-title.elementor-active:after{top:100%}.elementor-widget-tabs.elementor-tabs-view-horizontal .elementor-tab-desktop-title{display:table-cell}.elementor-widget-tabs.elementor-tabs-view-horizontal .elementor-tab-desktop-title.elementor-active{border-bottom-style:none}.elementor-widget-tabs.elementor-tabs-view-horizontal .elementor-tab-desktop-title.elementor-active:after,.elementor-widget-tabs.elementor-tabs-view-horizontal .elementor-tab-desktop-title.elementor-active:before{bottom:0;height:0;width:999em;border-bottom-style:solid}.elementor-widget-tabs.elementor-tabs-view-horizontal .elementor-tab-desktop-title.elementor-active:before{right:100%}.elementor-widget-tabs.elementor-tabs-view-horizontal .elementor-tab-desktop-title.elementor-active:after{left:100%}.elementor-widget-tabs .elementor-tab-content,.elementor-widget-tabs .elementor-tab-title,.elementor-widget-tabs .elementor-tab-title:after,.elementor-widget-tabs .elementor-tab-title:before,.elementor-widget-tabs .elementor-tabs-content-wrapper{border:1px #d5d8dc}.elementor-widget-tabs .elementor-tabs{text-align:left}.elementor-widget-tabs .elementor-tabs-wrapper{overflow:hidden}.elementor-widget-tabs .elementor-tab-title{cursor:pointer;outline:var(--focus-outline,none)}.elementor-widget-tabs .elementor-tab-desktop-title{position:relative;padding:20px 25px;font-weight:700;line-height:1;border:solid transparent}.elementor-widget-tabs .elementor-tab-desktop-title.elementor-active{border-color:#d5d8dc}.elementor-widget-tabs .elementor-tab-desktop-title.elementor-active:after,.elementor-widget-tabs .elementor-tab-desktop-title.elementor-active:before{display:block;content:\"\";position:absolute}.elementor-widget-tabs .elementor-tab-desktop-title:focus-visible{border:1px solid #000}.elementor-widget-tabs .elementor-tab-mobile-title{padding:10px;cursor:pointer}.elementor-widget-tabs .elementor-tab-content{padding:20px;display:none}@media (max-width:767px){.elementor-tabs .elementor-tab-content,.elementor-tabs .elementor-tab-title{border-style:solid solid none}.elementor-tabs .elementor-tabs-wrapper{display:none}.elementor-tabs .elementor-tabs-content-wrapper{border-bottom-style:solid}.elementor-tabs .elementor-tab-content{padding:10px}}@media (min-width:768px){.elementor-widget-tabs.elementor-tabs-view-vertical .elementor-tabs{display:flex}.elementor-widget-tabs.elementor-tabs-view-vertical .elementor-tabs-wrapper{flex-direction:column}.elementor-widget-tabs.elementor-tabs-view-vertical .elementor-tabs-content-wrapper{flex-grow:1;border-style:solid solid solid none}.elementor-widget-tabs.elementor-tabs-view-horizontal .elementor-tab-content{border-style:none solid solid}.elementor-widget-tabs.elementor-tabs-alignment-center .elementor-tabs-wrapper,.elementor-widget-tabs.elementor-tabs-alignment-end .elementor-tabs-wrapper,.elementor-widget-tabs.elementor-tabs-alignment-stretch .elementor-tabs-wrapper{display:flex}.elementor-widget-tabs.elementor-tabs-alignment-center .elementor-tabs-wrapper{justify-content:center}.elementor-widget-tabs.elementor-tabs-alignment-end .elementor-tabs-wrapper{justify-content:flex-end}.elementor-widget-tabs.elementor-tabs-alignment-stretch.elementor-tabs-view-horizontal .elementor-tab-title{width:100%}.elementor-widget-tabs.elementor-tabs-alignment-stretch.elementor-tabs-view-vertical .elementor-tab-title{height:100%}.elementor-tabs .elementor-tab-mobile-title{display:none}}<\/style>\t\t<div class=\"elementor-tabs\">\n\t\t\t<div class=\"elementor-tabs-wrapper\" role=\"tablist\" >\n\t\t\t\t\t\t\t\t\t<div id=\"elementor-tab-title-1591\" class=\"elementor-tab-title elementor-tab-desktop-title\" aria-selected=\"true\" data-tab=\"1\" role=\"tab\" tabindex=\"0\" aria-controls=\"elementor-tab-content-1591\" aria-expanded=\"false\">Mot du DG<\/div>\n\t\t\t\t\t\t\t\t\t<div id=\"elementor-tab-title-1592\" class=\"elementor-tab-title elementor-tab-desktop-title\" aria-selected=\"false\" data-tab=\"2\" role=\"tab\" tabindex=\"-1\" aria-controls=\"elementor-tab-content-1592\" aria-expanded=\"false\">Pr\u00e9sentation<\/div>\n\t\t\t\t\t\t\t<\/div>\n\t\t\t<div class=\"elementor-tabs-content-wrapper\" role=\"tablist\" aria-orientation=\"vertical\">\n\t\t\t\t\t\t\t\t\t<div class=\"elementor-tab-title elementor-tab-mobile-title\" aria-selected=\"true\" data-tab=\"1\" role=\"tab\" tabindex=\"0\" aria-controls=\"elementor-tab-content-1591\" aria-expanded=\"false\">Mot du DG<\/div>\n\t\t\t\t\t<div id=\"elementor-tab-content-1591\" class=\"elementor-tab-content elementor-clearfix\" data-tab=\"1\" role=\"tabpanel\" aria-labelledby=\"elementor-tab-title-1591\" tabindex=\"0\" hidden=\"false\"><h5>Le num\u00e9rique est l\u2019affaire de tous. Rejoignez-nous dans cette aventure vers un futur connect\u00e9 et s\u00e9curis\u00e9 !\u00a0\u00bbAu nom de l\u2019Agence Nationale pour la Soci\u00e9t\u00e9 de l\u2019Information (ANSI), je suis heureuse de vous accueillir sur notre plateforme commune de transformation digitale. Votre pr\u00e9sence ici t\u00e9moigne de notre engagement commun pour une soci\u00e9t\u00e9 num\u00e9rique inclusive et accessible \u00e0 tous.Dans notre mission de b\u00e2tir un \u00e9cosyst\u00e8me num\u00e9rique \u00e9quitable, l&rsquo;inclusion digitale est au c\u0153ur de nos priorit\u00e9s. Nous \u0153uvrons chaque jour pour :<\/h5><ul><li><h5>R\u00e9duire la fracture num\u00e9rique en facilitant l&rsquo;acc\u00e8s aux technologies sur tout le territoire<\/h5><\/li><li><h5>Accompagner les institutions dans leur transition num\u00e9rique inclusive<\/h5><\/li><li><h5>Soutenir les initiatives locales qui promeuvent l&rsquo;\u00e9galit\u00e9 des chances dans le digital et<\/h5><\/li><li><h5>Autonomiser chaque citoyen gr\u00e2ce \u00e0 des programmes de formation adapt\u00e9s \u00e0 tous les niveaux<\/h5><\/li><\/ul><h5>Sur ce portail, vous d\u00e9couvrirez maintenant ou \u00e0 terme :<\/h5><ul><li><h5>Nos programmes de formations num\u00e9rique<\/h5><\/li><li><h5>Des appels \u00e0 projets pour les acteurs de l&rsquo;inclusion digitale<\/h5><\/li><li><h5>Des guides pratiques pour les citoyens, entreprises et administrations<\/h5><\/li><li><h5><strong>Des alertes et bonnes pratiques<\/strong> en cybers\u00e9curit\u00e9<\/h5><\/li><li><h5>A terme, un observatoire des bonnes pratiques en mati\u00e8re de num\u00e9rique solidaire.<\/h5><\/li><\/ul><h5>Le num\u00e9rique ne doit laisser personne de c\u00f4t\u00e9. Ensemble, cr\u00e9ons des opportunit\u00e9s pour que chaque citoyen, quelle que soit sa situation, puisse tirer pleinement parti de la r\u00e9volution digitale.<\/h5><h5>Je vous invite \u00e0 explorer nos ressources et \u00e0 nous rejoindre dans cette mission essentielle.<\/h5><h5>Bienvenue \u00e0 toutes et \u00e0 tous,<\/h5><h5><strong>Anne-Rachel Inn\u00e9<\/strong><\/h5><h5>Directrice G\u00e9n\u00e9rale de l&rsquo;ANSI<\/h5><\/div>\n\t\t\t\t\t\t\t\t\t<div class=\"elementor-tab-title elementor-tab-mobile-title\" aria-selected=\"false\" data-tab=\"2\" role=\"tab\" tabindex=\"-1\" aria-controls=\"elementor-tab-content-1592\" aria-expanded=\"false\">Pr\u00e9sentation<\/div>\n\t\t\t\t\t<div id=\"elementor-tab-content-1592\" class=\"elementor-tab-content elementor-clearfix\" data-tab=\"2\" role=\"tabpanel\" aria-labelledby=\"elementor-tab-title-1592\" tabindex=\"0\" hidden=\"hidden\"><h5>ANSI a pour mission de concevoir, superviser, de coordonner et \u00e9valuer toutes les actions en mati\u00e8re de d\u00e9veloppement de l\u2019Informatique et des Nouvelles Technologies de l\u2019information dans les secteurs publics et parapublics tant au niveau national qu\u2019au niveau r\u00e9gional.<\/h5><h5>Les Technologies de l\u2019Information et de la Communication (TIC) jouent un r\u00f4le de plus en plus important dans la vie socio-\u00e9conomique, et particuli\u00e8rement dans ceux en voie de d\u00e9veloppement comme le Niger. De plus, ils s\u2019av\u00e8rent \u00eatre un outil transversal qui touche toutes les couches de notre soci\u00e9t\u00e9.<\/h5><h5>L\u2019analyse profonde des d\u00e9fis de d\u00e9veloppement auxquels notre pays fait face, r\u00e9v\u00e8le que les TIC sont une composante incontournable dans l\u2019atteinte de nos objectifs.<br \/>Au vu de tous ces \u00e9l\u00e9ments, le Pr\u00e9sident de la R\u00e9publique a estim\u00e9 que le Niger devrait \u00eatre r\u00e9solument engage dans la r\u00e9volution num\u00e9rique, qui nous touche de plein fouet. Le Chef de l\u2019 \u00c9tat voudrait que nous nous servions de cette r\u00e9volution pour moderniser notre \u00e9conomie, renforcer notre croissance, renfoncer notre s\u00e9curit\u00e9, am\u00e9liorer la gouvernance, et renforcer les programmes et secteurs prioritaires tels que les 3N, la Sant\u00e9, l\u2019Education et l\u2019entreprenariat des jeunes.<\/h5><\/div>\n\t\t\t\t\t\t\t<\/div>\n\t\t<\/div>\n\t\t\t\t<\/div>\n\t\t\t\t<\/div>\n\t\t\t\t\t<\/div>\n\t\t<\/div>\n\t\t\t\t\t\t\t<\/div>\n\t\t<\/section>\n\t\t\t\t<section class=\"elementor-section elementor-top-section elementor-element elementor-element-2b2614f3 elementor-section-boxed elementor-section-height-default elementor-section-height-default\" data-id=\"2b2614f3\" data-element_type=\"section\" id=\"xs_fun_3\" data-settings=\"{&quot;background_background&quot;:&quot;classic&quot;}\">\n\t\t\t\t\t\t\t<div class=\"elementor-background-overlay\"><\/div>\n\t\t\t\t\t\t\t<div class=\"elementor-container elementor-column-gap-default\">\n\t\t\t\t\t<div class=\"elementor-column elementor-col-100 elementor-top-column elementor-element elementor-element-6890428a\" data-id=\"6890428a\" data-element_type=\"column\">\n\t\t\t<div class=\"elementor-widget-wrap elementor-element-populated\">\n\t\t\t\t\t\t\t\t<div class=\"elementor-element elementor-element-7f5816a8 elementor-widget elementor-widget-elementskit-heading\" data-id=\"7f5816a8\" data-element_type=\"widget\" data-widget_type=\"elementskit-heading.default\">\n\t\t\t\t<div class=\"elementor-widget-container\">\n\t\t\t<div class=\"ekit-wid-con\" ><div class=\"ekit-heading elementskit-section-title-wraper center   ekit_heading_tablet-   ekit_heading_mobile-\"><h2 class=\"ekit-heading--title elementskit-section-title \">Nos r\u00e9alisations<\/h2><div class=\"ekit_heading_separetor_wraper ekit_heading_elementskit-border-divider\"><div class=\"elementskit-border-divider\"><\/div><\/div>\t\t\t\t<div class='ekit-heading__description'>\n\t\t\t\t\t<p>L'ANSI EN QUELQUES CHIFFRES<\/p>\n\t\t\t\t<\/div>\n\t\t\t<\/div><\/div>\t\t<\/div>\n\t\t\t\t<\/div>\n\t\t\t\t<section class=\"elementor-section elementor-inner-section elementor-element elementor-element-50fbb666 elementor-section-boxed elementor-section-height-default elementor-section-height-default\" data-id=\"50fbb666\" data-element_type=\"section\">\n\t\t\t\t\t\t<div class=\"elementor-container elementor-column-gap-default\">\n\t\t\t\t\t<div class=\"elementor-column elementor-col-25 elementor-inner-column elementor-element elementor-element-691c7fc0\" data-id=\"691c7fc0\" data-element_type=\"column\">\n\t\t\t<div class=\"elementor-widget-wrap elementor-element-populated\">\n\t\t\t\t\t\t\t\t<div class=\"elementor-element elementor-element-5cfc2c20 elementor-widget elementor-widget-elementskit-funfact\" data-id=\"5cfc2c20\" data-element_type=\"widget\" data-widget_type=\"elementskit-funfact.default\">\n\t\t\t\t<div class=\"elementor-widget-container\">\n\t\t\t<div class=\"ekit-wid-con\" >\n\t\t<div class=\"elementskit-funfact text-center     \">\n\t\t\t\n\t\t\t<div class=\"elementskit-funfact-inner position_top\">\n\t\t\t\t\t\t\t\t\t<div class=\"funfact-icon\"> <img decoding=\"async\" src=\"https:\/\/ansi.ne\/wp-content\/uploads\/elementor\/thumbs\/icone-coupe-ne-q6k0zuc9yjly75fqhy9hef0fsc34ta685jz1ku8qow.png\" title=\"icone-coupe-ne\" alt=\"icone-coupe-ne\" loading=\"lazy\" \/>\n\t\t\t\t\t<\/div>\n\t\t\t\t\t\t\t\t\n\t\t\t\t<div class=\"funfact-content\">\n\t\t\t\t\t<div class=\"number-percentage-wraper\">\n\t\t\t\t\t\t\t\t\t\t\t\t<span class=\"number-percentage\"\n\t\t\t\t\t\t      data-value=\"29\"\n\t\t\t\t\t\t      data-animation-duration=\"3500\"\n\t\t\t\t\t\t\t  data-style=\"static\">0<\/span>\n\t\t\t\t\t\t\t\t\t\t\t\t\t\t\t\t\t<\/div>\n\n\t\t\t\t\t<h3 class=\"funfact-title\">COMPETITIONS ORGANIS\u00c9S<\/h3>\t\t\t\t\t\t\t\t<\/div>\n\t\t<\/div>\n\t\t<\/div>\n\n\n\t\t<\/div>\t\t<\/div>\n\t\t\t\t<\/div>\n\t\t\t\t\t<\/div>\n\t\t<\/div>\n\t\t\t\t<div class=\"elementor-column elementor-col-25 elementor-inner-column elementor-element elementor-element-53667e03\" data-id=\"53667e03\" data-element_type=\"column\">\n\t\t\t<div class=\"elementor-widget-wrap elementor-element-populated\">\n\t\t\t\t\t\t\t\t<div class=\"elementor-element elementor-element-493f4ffb elementor-widget elementor-widget-elementskit-funfact\" data-id=\"493f4ffb\" data-element_type=\"widget\" data-widget_type=\"elementskit-funfact.default\">\n\t\t\t\t<div class=\"elementor-widget-container\">\n\t\t\t<div class=\"ekit-wid-con\" >\n\t\t<div class=\"elementskit-funfact text-center     \">\n\t\t\t\n\t\t\t<div class=\"elementskit-funfact-inner position_top\">\n\t\t\t\t\t\t\t\t\t<div class=\"funfact-icon\"> <img decoding=\"async\" src=\"https:\/\/ansi.ne\/wp-content\/uploads\/elementor\/thumbs\/icone-open-q6k13aez0obsrofidfw8jjpa773l1busmm34xd4rvk.png\" title=\"icone-open\" alt=\"icone-open\" loading=\"lazy\" \/>\n\t\t\t\t\t<\/div>\n\t\t\t\t\t\t\t\t\n\t\t\t\t<div class=\"funfact-content\">\n\t\t\t\t\t<div class=\"number-percentage-wraper\">\n\t\t\t\t\t\t\t\t\t\t\t\t<span class=\"number-percentage\"\n\t\t\t\t\t\t      data-value=\"20\"\n\t\t\t\t\t\t      data-animation-duration=\"3500\"\n\t\t\t\t\t\t\t  data-style=\"static\">0<\/span>\n\t\t\t\t\t\t\t\t\t\t\t\t\t\t\t\t\t<\/div>\n\n\t\t\t\t\t<h3 class=\"funfact-title\">JOURN\u00c9ES PORTES OUVERTES<\/h3>\t\t\t\t\t\t\t\t<\/div>\n\t\t<\/div>\n\t\t<\/div>\n\n\n\t\t<\/div>\t\t<\/div>\n\t\t\t\t<\/div>\n\t\t\t\t\t<\/div>\n\t\t<\/div>\n\t\t\t\t<div class=\"elementor-column elementor-col-25 elementor-inner-column elementor-element elementor-element-7cdb8b6b\" data-id=\"7cdb8b6b\" data-element_type=\"column\">\n\t\t\t<div class=\"elementor-widget-wrap elementor-element-populated\">\n\t\t\t\t\t\t\t\t<div class=\"elementor-element elementor-element-36424273 elementor-widget elementor-widget-elementskit-funfact\" data-id=\"36424273\" data-element_type=\"widget\" data-widget_type=\"elementskit-funfact.default\">\n\t\t\t\t<div class=\"elementor-widget-container\">\n\t\t\t<div class=\"ekit-wid-con\" >\n\t\t<div class=\"elementskit-funfact text-center     \">\n\t\t\t\n\t\t\t<div class=\"elementskit-funfact-inner position_top\">\n\t\t\t\t\t\t\t\t\t<div class=\"funfact-icon\"> <img decoding=\"async\" src=\"https:\/\/ansi.ne\/wp-content\/uploads\/elementor\/thumbs\/icone-projet-q6k18qv8p1sq66i5iat9io4mcq7aq2ip1mfm871hr4.png\" title=\"icone-projet\" alt=\"icone-projet\" loading=\"lazy\" \/>\n\t\t\t\t\t<\/div>\n\t\t\t\t\t\t\t\t\n\t\t\t\t<div class=\"funfact-content\">\n\t\t\t\t\t<div class=\"number-percentage-wraper\">\n\t\t\t\t\t\t\t\t\t\t\t\t<span class=\"number-percentage\"\n\t\t\t\t\t\t      data-value=\"30\"\n\t\t\t\t\t\t      data-animation-duration=\"3500\"\n\t\t\t\t\t\t\t  data-style=\"static\">0<\/span>\n\t\t\t\t\t\t\t\t\t\t\t\t\t\t\t\t\t<\/div>\n\n\t\t\t\t\t<h3 class=\"funfact-title\">PROJETS<\/h3>\t\t\t\t\t\t\t\t<\/div>\n\t\t<\/div>\n\t\t<\/div>\n\n\n\t\t<\/div>\t\t<\/div>\n\t\t\t\t<\/div>\n\t\t\t\t\t<\/div>\n\t\t<\/div>\n\t\t\t\t<div class=\"elementor-column elementor-col-25 elementor-inner-column elementor-element elementor-element-7af3116d\" data-id=\"7af3116d\" data-element_type=\"column\">\n\t\t\t<div class=\"elementor-widget-wrap elementor-element-populated\">\n\t\t\t\t\t\t\t\t<div class=\"elementor-element elementor-element-156f393a elementor-widget elementor-widget-elementskit-funfact\" data-id=\"156f393a\" data-element_type=\"widget\" data-widget_type=\"elementskit-funfact.default\">\n\t\t\t\t<div class=\"elementor-widget-container\">\n\t\t\t<div class=\"ekit-wid-con\" >\n\t\t<div class=\"elementskit-funfact text-center     \">\n\t\t\t\n\t\t\t<div class=\"elementskit-funfact-inner position_top\">\n\t\t\t\t\t\t\t\t\t<div class=\"funfact-icon\"> <img decoding=\"async\" src=\"https:\/\/ansi.ne\/wp-content\/uploads\/elementor\/thumbs\/icone-realisation-q6k1brwiptxzky3rtlxzjwm39f9viyjk4m3xwajtpc.png\" title=\"icone-realisation\" alt=\"icone-realisation\" loading=\"lazy\" \/>\n\t\t\t\t\t<\/div>\n\t\t\t\t\t\t\t\t\n\t\t\t\t<div class=\"funfact-content\">\n\t\t\t\t\t<div class=\"number-percentage-wraper\">\n\t\t\t\t\t\t\t\t\t\t\t\t<span class=\"number-percentage\"\n\t\t\t\t\t\t      data-value=\"578\"\n\t\t\t\t\t\t      data-animation-duration=\"3500\"\n\t\t\t\t\t\t\t  data-style=\"static\">0<\/span>\n\t\t\t\t\t\t\t\t\t\t\t\t\t\t\t\t\t<\/div>\n\n\t\t\t\t\t<h3 class=\"funfact-title\">R\u00c9ALISATIONS<\/h3>\t\t\t\t\t\t\t\t<\/div>\n\t\t<\/div>\n\t\t<\/div>\n\n\n\t\t<\/div>\t\t<\/div>\n\t\t\t\t<\/div>\n\t\t\t\t\t<\/div>\n\t\t<\/div>\n\t\t\t\t\t\t\t<\/div>\n\t\t<\/section>\n\t\t\t\t\t<\/div>\n\t\t<\/div>\n\t\t\t\t\t\t\t<\/div>\n\t\t<\/section>\n\t\t\t\t\t\t\t<\/div>\n\t\t","protected":false},"excerpt":{"rendered":"<p>Pr\u00e9sentation Mot du DG Pr\u00e9sentation Mot du DG Le num\u00e9rique est l\u2019affaire de tous. Rejoignez-nous dans cette aventure vers un futur connect\u00e9 et s\u00e9curis\u00e9 !\u00a0\u00bbAu nom de l\u2019Agence Nationale pour la Soci\u00e9t\u00e9 de l\u2019Information (ANSI), je suis heureuse de vous accueillir sur notre plateforme commune de transformation digitale. Votre pr\u00e9sence ici t\u00e9moigne de notre engagement [&hellip;]<\/p>\n","protected":false},"author":1,"featured_media":0,"parent":0,"menu_order":0,"comment_status":"closed","ping_status":"closed","template":"elementor_canvas","meta":{"footnotes":""},"class_list":["post-353","page","type-page","status-publish","hentry"],"_links":{"self":[{"href":"https:\/\/ansi.ne\/index.php?rest_route=\/wp\/v2\/pages\/353","targetHints":{"allow":["GET"]}}],"collection":[{"href":"https:\/\/ansi.ne\/index.php?rest_route=\/wp\/v2\/pages"}],"about":[{"href":"https:\/\/ansi.ne\/index.php?rest_route=\/wp\/v2\/types\/page"}],"author":[{"embeddable":true,"href":"https:\/\/ansi.ne\/index.php?rest_route=\/wp\/v2\/users\/1"}],"replies":[{"embeddable":true,"href":"https:\/\/ansi.ne\/index.php?rest_route=%2Fwp%2Fv2%2Fcomments&post=353"}],"version-history":[{"count":49,"href":"https:\/\/ansi.ne\/index.php?rest_route=\/wp\/v2\/pages\/353\/revisions"}],"predecessor-version":[{"id":1179,"href":"https:\/\/ansi.ne\/index.php?rest_route=\/wp\/v2\/pages\/353\/revisions\/1179"}],"wp:attachment":[{"href":"https:\/\/ansi.ne\/index.php?rest_route=%2Fwp%2Fv2%2Fmedia&parent=353"}],"curies":[{"name":"wp","href":"https:\/\/api.w.org\/{rel}","templated":true}]}}